{"id":795,"date":"2026-02-04T04:34:46","date_gmt":"2026-02-04T04:34:46","guid":{"rendered":"https:\/\/admin.test.packlinesas.com\/?page_id=795"},"modified":"2026-02-10T04:30:02","modified_gmt":"2026-02-10T04:30:02","slug":"sobre-nosotros","status":"publish","type":"page","link":"https:\/\/packlinesas.com\/en\/sobre-nosotros\/","title":{"rendered":"About Us"},"content":{"rendered":"<div data-elementor-type=\"wp-page\" data-elementor-id=\"795\" class=\"elementor elementor-795\">\n\t\t\t\t<div class=\"elementor-element elementor-element-1534aa5 e-flex e-con-boxed wpr-particle-no wpr-jarallax-no wpr-parallax-no wpr-sticky-section-no wpr-equal-height-no e-con e-parent\" data-id=\"1534aa5\" data-element_type=\"container\" data-e-type=\"container\">\n\t\t\t\t\t<div class=\"e-con-inner\">\n\t\t<div class=\"elementor-element elementor-element-7938c0d e-con-full e-flex wpr-particle-no wpr-jarallax-no wpr-parallax-no wpr-sticky-section-no wpr-equal-height-no e-con e-child\" data-id=\"7938c0d\" data-element_type=\"container\" data-e-type=\"container\">\n\t\t<div class=\"elementor-element elementor-element-c267628 e-con-full e-flex wpr-particle-no wpr-jarallax-no wpr-parallax-no wpr-sticky-section-no wpr-equal-height-no e-con e-child\" data-id=\"c267628\" data-element_type=\"container\" data-e-type=\"container\" data-settings=\"{&quot;background_background&quot;:&quot;classic&quot;}\">\n\t\t<div class=\"elementor-element elementor-element-bf78f12 e-flex e-con-boxed wpr-particle-no wpr-jarallax-no wpr-parallax-no wpr-sticky-section-no wpr-equal-height-no e-con e-child\" data-id=\"bf78f12\" data-element_type=\"container\" data-e-type=\"container\">\n\t\t\t\t\t<div class=\"e-con-inner\">\n\t\t\t\t<div class=\"elementor-element elementor-element-3b7ada8 elementor-widget elementor-widget-heading\" data-id=\"3b7ada8\" data-element_type=\"widget\" data-e-type=\"widget\" data-widget_type=\"heading.default\">\n\t\t\t\t\t<h1 class=\"elementor-heading-title elementor-size-default\">ABOUT US<\/h1>\t\t\t\t<\/div>\n\t\t\t\t\t<\/div>\n\t\t\t\t<\/div>\n\t\t\t\t<\/div>\n\t\t\t\t<\/div>\n\t\t\t\t<div class=\"elementor-element elementor-element-b4f5b91 elementor-widget elementor-widget-text-editor\" data-id=\"b4f5b91\" data-element_type=\"widget\" data-e-type=\"widget\" data-widget_type=\"text-editor.default\">\n\t\t\t\t\t\t\t\t\t<p><span dir=\"auto\" style=\"vertical-align: inherit;\"><span dir=\"auto\" style=\"vertical-align: inherit;\">In our 29 Years of experience, innovation is the engine of growth, thanks to the talent and dedication of our team, and a VISION towards the future, we have created a unique approach that provides true value to our products.<\/span><\/span><\/p><p>This is the PACKAGING LINES ARCHITECTURAL ANTIRETRACTILES PVC (not shrink or constrict)<\/p><p>PACKAGING PROJECTIVE: Are inserts in a profile of aluminum and are manufactured by a system of co-extrusion in two hardnesses his flat base more rigid with the main aim not to be collected, to the time that will slide much more easily, thus shortening the time of assembly, base semi-rigid is determined in two tones of color.<\/p><p>Base tone Grey identifying the extent of 5.3 mm for cavity profile aluminum more spacious.<\/p><p>Base Blue tone identifying the extent of 5.0 mm for cavity aluminum more reduced.<\/p><p>This is a PATENTED innovation BY PACKLINE that redefines its category, a unique product developed with proprietary technology that have a nuevaforma to solve the current needs in the field of water entry into the corners of doors and windows of aluminum.<\/p><p>Our firm commitment to the quality of a producto\u00fanico on the market that responds to specific problems of shrinkage of gaskets traditional causing shortening in the corners, allowing the entry of water.\u00a0<\/p>\t\t\t\t\t\t\t\t<\/div>\n\t\t\t\t<div class=\"elementor-element elementor-element-2ee0c92 elementor-widget elementor-widget-image\" data-id=\"2ee0c92\" data-element_type=\"widget\" data-e-type=\"widget\" data-widget_type=\"image.default\">\n\t\t\t\t\t\t\t\t\t\t\t\t\t\t\t<img fetchpriority=\"high\" decoding=\"async\" width=\"739\" height=\"963\" src=\"https:\/\/packlinesas.com\/wp-content\/uploads\/2026\/02\/Certificado.jpeg\" class=\"attachment-full size-full wp-image-918\" alt=\"\" srcset=\"https:\/\/packlinesas.com\/wp-content\/uploads\/2026\/02\/Certificado.jpeg 739w, https:\/\/packlinesas.com\/wp-content\/uploads\/2026\/02\/Certificado-300x391.jpeg 300w, https:\/\/packlinesas.com\/wp-content\/uploads\/2026\/02\/Certificado-600x782.jpeg 600w, https:\/\/packlinesas.com\/wp-content\/uploads\/2026\/02\/Certificado-230x300.jpeg 230w\" sizes=\"(max-width: 739px) 100vw, 739px\" \/>\t\t\t\t\t\t\t\t\t\t\t\t\t\t\t<\/div>\n\t\t\t\t\t<\/div>\n\t\t\t\t<\/div>\n\t\t<div class=\"elementor-element elementor-element-0cc5170 e-flex e-con-boxed wpr-particle-no wpr-jarallax-no wpr-parallax-no wpr-sticky-section-no wpr-equal-height-no e-con e-parent\" data-id=\"0cc5170\" data-element_type=\"container\" data-e-type=\"container\">\n\t\t\t\t\t<div class=\"e-con-inner\">\n\t\t\t\t<div class=\"elementor-element elementor-element-6f0b6fd elementor-widget elementor-widget-heading\" data-id=\"6f0b6fd\" data-element_type=\"widget\" data-e-type=\"widget\" data-widget_type=\"heading.default\">\n\t\t\t\t\t<h2 class=\"elementor-heading-title elementor-size-default\">PACKAGING TYPE U<\/h2>\t\t\t\t<\/div>\n\t\t\t\t<div class=\"elementor-element elementor-element-6e60afe elementor-widget elementor-widget-text-editor\" data-id=\"6e60afe\" data-element_type=\"widget\" data-e-type=\"widget\" data-widget_type=\"text-editor.default\">\n\t\t\t\t\t\t\t\t\t<p>Also ANTIRETRACTILES (not shrink or contract) With the edges of the corners of the U more rigid than the body of the packaging and are identified with a Grey tone not allowing you to shorten it in the corners leaving a seal for perfect sealing, at the same time that it creates a mechanical strength to avoid tearing packaging.<\/p>\t\t\t\t\t\t\t\t<\/div>\n\t\t\t\t\t<\/div>\n\t\t\t\t<\/div>\n\t\t<div class=\"elementor-element elementor-element-f9e4ea4 e-flex e-con-boxed wpr-particle-no wpr-jarallax-no wpr-parallax-no wpr-sticky-section-no wpr-equal-height-no e-con e-parent\" data-id=\"f9e4ea4\" data-element_type=\"container\" data-e-type=\"container\">\n\t\t\t\t\t<div class=\"e-con-inner\">\n\t\t\t\t<div class=\"elementor-element elementor-element-d382580 elementor-widget elementor-widget-heading\" data-id=\"d382580\" data-element_type=\"widget\" data-e-type=\"widget\" data-widget_type=\"heading.default\">\n\t\t\t\t\t<h2 class=\"elementor-heading-title elementor-size-default\">FEATURES OF THE PACKAGING ANTIRETRACTILES<\/h2>\t\t\t\t<\/div>\n\t\t\t\t<div class=\"elementor-element elementor-element-b1a95f8 elementor-widget elementor-widget-text-editor\" data-id=\"b1a95f8\" data-element_type=\"widget\" data-e-type=\"widget\" data-widget_type=\"text-editor.default\">\n\t\t\t\t\t\t\t\t\t<ul><li>Packaging designed exclusively by PACKLINE SAS that improves its performance in Aluminium systems Aqrquitect\u00f3nico.<\/li><li>Do not shrink not collapsed.<\/li><li>Their innovative design allow for optimum adhesion to glass and aluminum.<\/li><li>In the case of the packaging type u, the edges semirigidos does not allow to break.<\/li><li>It is a package, much more strong that it offers advantages over packaging to be traditional.<\/li><li>100% recycling-friendly environment.<\/li><li>It is self-extinguishing, does not propagate the flame.<\/li><li>It is very resistant to corrosion and salt fog rated excellent behavior in the climates.<\/li><\/ul>\t\t\t\t\t\t\t\t<\/div>\n\t\t\t\t\t<\/div>\n\t\t\t\t<\/div>\n\t\t\t\t<\/div>","protected":false},"excerpt":{"rendered":"<p>SOBRE NOSOTROS En nuestros 29 A\u00f1os de trayectoria, la innovaci\u00f3n es el motor de crecimiento, gracias al talento y dedicaci\u00f3n de nuestro equipo de trabajo y a una VISI\u00d3N orientada hacia el futuro, hemos creado una propuesta \u00fanica que aporta valor real a nuestros productos. Se trata de los EMPAQUES L\u00cdNES ARQUITECT\u00d3NICA ANTIRETRACTILES DE PVC (no se encogen ni se contraen) EMPAQUES PROYECTANTES: Son los que van insertos en un perfi de aluminios y se fabrican por sistema de coextrusi\u00f3n en dos durezas su base plana m\u00e1s r\u00edgida con el fin principal de no recogerse, a la vez que se desliza mucho m\u00e1s f\u00e1cilmente acortando asi los tiempos de ensamble, su base semirigida est\u00e1 determinada en dos tonos de color. Base tono Gris identificando la medida de 5,3 mm para cavidades de perfil de aluminios mas amplias. Base tono Azul identificando la medida de 5,0 mm para cavidades de aluminio mas reducidas. Esta es una innovaci\u00f3n PATENTADA POR PACKLINE que redefine su categoria, un producto exclusivo desarrollado con tecnolog\u00eda propia que ofrrece una nuevaforma de resolver las necesidades actuales en materia de entrada de agua en las esquinas de puertas y ventanas de aluminio. Nuestro firme compromiso con la calidad de lugar a un producto\u00fanico en el mercado que responde a problemas espec\u00edficos de encogimiento de los empaques tradicionales originando acortamiento en las esquinas permitiendo la entrada de agua.\u00a0 EMPAQUE TIPO U Tambi\u00e9n ANTIRETRACTILES (no se encogen ni se contraen) Con los bordes de las esquinas de la U m\u00e1s r\u00edgidas que el cuerpo del empaque y se identifican con tono Gris lo que no permite que se acorte en las esquinas dejando un selle perfecto de estanqueidad, a la vez que se crea un refuerzo mec\u00e1nico para que no se rompa el empaque. CARACTER\u00cdSTICAS DE LOS EMPAQUE ANTIRETRACTILES Empaques dise\u00f1ados exclusivamente por PACKLINE SAS que mejora su desempe\u00f1o en los sistemas de Aluminio Aqrquitect\u00f3nico. No se encogen no se contraen. Su innovador dise\u00f1o permiten una optima adherencia al vidrio y al aluminio. En el caso de los empaques tipo u, los bordes semirigidos no permite que se rompan. Es un empaque mucho mas fuerte que ofrece ventajas frente a empaques tradicionales. 100% reciclaje amigable con el medio ambiente. Es autoextinguible, no propaga la llama. Es muy resistente a la corrosi\u00f3n y al salitre excelente comportamiento en los climas.<\/p>","protected":false},"author":1,"featured_media":0,"parent":0,"menu_order":0,"comment_status":"closed","ping_status":"closed","template":"","meta":{"footnotes":""},"class_list":["post-795","page","type-page","status-publish","hentry"],"jetpack_sharing_enabled":true,"_links":{"self":[{"href":"https:\/\/packlinesas.com\/en\/wp-json\/wp\/v2\/pages\/795","targetHints":{"allow":["GET"]}}],"collection":[{"href":"https:\/\/packlinesas.com\/en\/wp-json\/wp\/v2\/pages"}],"about":[{"href":"https:\/\/packlinesas.com\/en\/wp-json\/wp\/v2\/types\/page"}],"author":[{"embeddable":true,"href":"https:\/\/packlinesas.com\/en\/wp-json\/wp\/v2\/users\/1"}],"replies":[{"embeddable":true,"href":"https:\/\/packlinesas.com\/en\/wp-json\/wp\/v2\/comments?post=795"}],"version-history":[{"count":0,"href":"https:\/\/packlinesas.com\/en\/wp-json\/wp\/v2\/pages\/795\/revisions"}],"wp:attachment":[{"href":"https:\/\/packlinesas.com\/en\/wp-json\/wp\/v2\/media?parent=795"}],"curies":[{"name":"wp","href":"https:\/\/api.w.org\/{rel}","templated":true}]}}